{"id":12,"date":"2025-06-10T10:42:01","date_gmt":"2025-06-10T10:42:01","guid":{"rendered":"http:\/\/www.xn--schtzenscheibe-isb.eu\/?page_id=12"},"modified":"2025-06-10T10:42:01","modified_gmt":"2025-06-10T10:42:01","slug":"ueber","status":"publish","type":"page","link":"https:\/\/www.xn--schtzenscheibe-isb.eu\/?page_id=12","title":{"rendered":"\u00dcber"},"content":{"rendered":"\n<p>Vielleicht bist du k\u00fcnstlerisch t\u00e4tig und m\u00f6chtest dich und deine Arbeiten hier vorstellen. Oder du hast vielleicht ein Unternehmen, dessen Mission du hier beschreiben m\u00f6chtest.<\/p>\n","protected":false},"excerpt":{"rendered":"<div class=\"entry-summary\">\nVielleicht bist du k\u00fcnstlerisch t\u00e4tig und m\u00f6chtest dich und deine Arbeiten hier vorstellen. Oder du hast vielleicht ein Unternehmen, dessen&hellip;\n<\/div>\n<div class=\"link-more\"><a href=\"https:\/\/www.xn--schtzenscheibe-isb.eu\/?page_id=12\" class=\"more-link\">Continue reading<span class=\"screen-reader-text\"> &ldquo;\u00dcber&rdquo;<\/span>&hellip;<\/a><\/div>\n","protected":false},"author":1,"featured_media":9,"parent":0,"menu_order":0,"comment_status":"closed","ping_status":"closed","template":"page-template\/_sidebar.php","meta":{"footnotes":""},"class_list":["post-12","page","type-page","status-publish","has-post-thumbnail","hentry","entry"],"_links":{"self":[{"href":"https:\/\/www.xn--schtzenscheibe-isb.eu\/index.php?rest_route=\/wp\/v2\/pages\/12","targetHints":{"allow":["GET"]}}],"collection":[{"href":"https:\/\/www.xn--schtzenscheibe-isb.eu\/index.php?rest_route=\/wp\/v2\/pages"}],"about":[{"href":"https:\/\/www.xn--schtzenscheibe-isb.eu\/index.php?rest_route=\/wp\/v2\/types\/page"}],"author":[{"embeddable":true,"href":"https:\/\/www.xn--schtzenscheibe-isb.eu\/index.php?rest_route=\/wp\/v2\/users\/1"}],"replies":[{"embeddable":true,"href":"https:\/\/www.xn--schtzenscheibe-isb.eu\/index.php?rest_route=%2Fwp%2Fv2%2Fcomments&post=12"}],"version-history":[{"count":1,"href":"https:\/\/www.xn--schtzenscheibe-isb.eu\/index.php?rest_route=\/wp\/v2\/pages\/12\/revisions"}],"predecessor-version":[{"id":17,"href":"https:\/\/www.xn--schtzenscheibe-isb.eu\/index.php?rest_route=\/wp\/v2\/pages\/12\/revisions\/17"}],"wp:featuredmedia":[{"embeddable":true,"href":"https:\/\/www.xn--schtzenscheibe-isb.eu\/index.php?rest_route=\/wp\/v2\/media\/9"}],"wp:attachment":[{"href":"https:\/\/www.xn--schtzenscheibe-isb.eu\/index.php?rest_route=%2Fwp%2Fv2%2Fmedia&parent=12"}],"curies":[{"name":"wp","href":"https:\/\/api.w.org\/{rel}","templated":true}]}}